{"id":65,"date":"2012-12-01T12:26:57","date_gmt":"2012-12-01T12:26:57","guid":{"rendered":"https:\/\/dedenbachsalazar.de\/?page_id=65"},"modified":"2022-11-28T14:42:19","modified_gmt":"2022-11-28T13:42:19","slug":"colonial-developments-and-outcome-the-changing-concept-of-pachamama","status":"publish","type":"page","link":"https:\/\/dedenbachsalazar.de\/?page_id=65","title":{"rendered":"Colonial Developments and Outcome: The Changing Concept of Pachamama"},"content":{"rendered":"<p style=\"font-family: 'Open Sans', sans-serif; line-height: 200%; font-size: 9pt; padding-left: 30px; text-align: left;\">Pachamama, kay derechosniykitan qanman haywarimushayki, kay wata lloqsisqanchis agostopi. Chaskiykukuy uywaqniy kay despachota. Tuta p\u2019unchaw, \u00f1u\u00f1uqniy unkaqniy. Sumaqllata\u00f1a chaskiyukuy, tukuymanta defendiway, onqoytapas karunchachay, ama ima llakikunapas qhawasunchu, hasta watakama sumaqlla\u00f1a kawsakusun.<br \/>\nPachamama, this is your due I serve you as our new year has dawned in August. You, the one who nurtures me, receive this offering. Day and night, you [are] the one who feeds me as a mother giving me the breast, as a bird that feeds its young. Receive this kindly, and from all things defend me, cause all illness to be removed far from me, and may I be free from all trouble, may I live happily for another year.<\/p>\n<p style=\"font-family: 'Open Sans', sans-serif; line-height: 200%; font-size: 9pt; padding-left: 30px; text-align: left;\">Prayer from the highlands of Southern Peru, 1966 (<a href=\"https:\/\/dedenbachsalazar.de\/?page_id=265#Hoggarth\" target=\"_blank\" rel=\"noopener\" data-wplink-edit=\"true\"><strong>Hoggarth 2004 Cuzco Quechua Grammar<\/strong><\/a><strong><span style=\"font-family: 'Open Sans','sans-serif';\">,<\/span><\/strong><span style=\"font-family: 'Open Sans','sans-serif';\"> p. 163, transl. SDS)<\/span><\/p>\n<p>In the academic literature on the Andean republics, formerly Spanish colonies, the &#8216;deity&#8217; Pachamama and the Virgin Mary, both belong to what one could call supernatural beings. They have been closely related, explicitly or implicitly supposing a kind of \u2018syncretism\u2019, a \u2018fusion\u2019, \u2018blending\u2019 or even \u2018substitution\u2019 of European and Amerindian religious phenomena.<\/p>\n<p>Evidence indicates that there are many features both the Virgin and Pachamama have in common, probably due to their similar functions. These can be noticed especially on the popular level where they must have had and still have much contact. Moreover, some colonial priests seem to have used traits of the Virgin (especially her fertility and the idea of her as <span style=\"text-decoration: underline;\">the<\/span> mother) as connecting points between both deities. The indigenous people may have taken these up and\/or made associations themselves.<\/p>\n<p>Therefore coincidences and an eventual convergence of important traits are more probable than \u2018wrapping up\u2019 the Andean in the European (which essentially translates as syncretism).<\/p>\n<p>Thus, what happened in Andean society was not the hoped-for conversion, but the result is a religious tradition and practice mostly rooted in some European theological aspects as well as a number of Spanish folk <span style=\"text-decoration: underline;\">and<\/span> Andean traditions, which all developed in a cultural space and climate in which both could live and prosper together and even blend into each other and thus converge.<\/p>\n<p>The (super-)natural forces which make individual and social life easier or possible at all, apparently have their unconscious basis in similar ecologies and traditional economies, which would have been the reason why similar ideas and concepts could sprout.<\/p>\n<p>(For my article on this topic see <a href=\"https:\/\/dedenbachsalazar.de\/?page_id=265#Pachamama\" target=\"_blank\" rel=\"noopener\"><strong><span style=\"font-family: 'Open Sans', sans-serif; text-align: left; line-height: 150%;\">Dedenbach-Salazar S\u00e1enz\u00a02013 Pachamama<\/span><\/strong><\/a><span style=\"font-family: 'Open Sans', sans-serif; text-align: left; line-height: 150%; font-size: 9.0pt;\">;\u00a0 also <\/span><a href=\"https:\/\/dedenbachsalazar.de\/?page_id=265#Tierra\" target=\"_blank\" rel=\"noopener\"><strong><span style=\"font-family: 'Open Sans', sans-serif; text-align: left; line-height: 150%;\">Dedenbach-Salazar S\u00e1enz 2011 Pacha Tierra<\/span><\/strong><\/a><span style=\"font-family: 'Open Sans', sans-serif; text-align: left; line-height: 150%; font-size: 9.0pt;\">.)<\/span><\/p>\n","protected":false},"excerpt":{"rendered":"<p>Pachamama, kay derechosniykitan qanman haywarimushayki, kay wata lloqsisqanchis agostopi. Chaskiykukuy uywaqniy kay despachota. Tuta p\u2019unchaw, \u00f1u\u00f1uqniy unkaqniy. Sumaqllata\u00f1a chaskiyukuy, tukuymanta defendiway, onqoytapas karunchachay, ama ima llakikunapas qhawasunchu, hasta watakama sumaqlla\u00f1a kawsakusun. Pachamama, this is your due I serve you as &hellip; <a href=\"https:\/\/dedenbachsalazar.de\/?page_id=65\">Continue reading <span class=\"meta-nav\">&rarr;<\/span><\/a><\/p>\n","protected":false},"author":2,"featured_media":0,"parent":0,"menu_order":0,"comment_status":"closed","ping_status":"closed","template":"sidebar-page.php","meta":{"footnotes":""},"_links":{"self":[{"href":"https:\/\/dedenbachsalazar.de\/index.php?rest_route=\/wp\/v2\/pages\/65"}],"collection":[{"href":"https:\/\/dedenbachsalazar.de\/index.php?rest_route=\/wp\/v2\/pages"}],"about":[{"href":"https:\/\/dedenbachsalazar.de\/index.php?rest_route=\/wp\/v2\/types\/page"}],"author":[{"embeddable":true,"href":"https:\/\/dedenbachsalazar.de\/index.php?rest_route=\/wp\/v2\/users\/2"}],"replies":[{"embeddable":true,"href":"https:\/\/dedenbachsalazar.de\/index.php?rest_route=%2Fwp%2Fv2%2Fcomments&post=65"}],"version-history":[{"count":1,"href":"https:\/\/dedenbachsalazar.de\/index.php?rest_route=\/wp\/v2\/pages\/65\/revisions"}],"predecessor-version":[{"id":2116,"href":"https:\/\/dedenbachsalazar.de\/index.php?rest_route=\/wp\/v2\/pages\/65\/revisions\/2116"}],"wp:attachment":[{"href":"https:\/\/dedenbachsalazar.de\/index.php?rest_route=%2Fwp%2Fv2%2Fmedia&parent=65"}],"curies":[{"name":"wp","href":"https:\/\/api.w.org\/{rel}","templated":true}]}}