{"id":1814,"date":"2018-12-25T20:12:30","date_gmt":"2018-12-25T20:12:30","guid":{"rendered":"https:\/\/dedenbachsalazar.de\/?page_id=1814"},"modified":"2022-12-02T17:55:14","modified_gmt":"2022-12-02T16:55:14","slug":"confesionario-quechua-de-1585-descripcion-y-analisis-notas-sept-2016","status":"publish","type":"page","link":"https:\/\/dedenbachsalazar.de\/?page_id=1814","title":{"rendered":"Confesionario quechua de 1585 &#8211; Descripci\u00f3n y an\u00e1lisis: Notas (Sept. 2016)"},"content":{"rendered":"\n<h2 class=\"wp-block-heading\"><\/h2>\n\n\n\n<p>Dedenbach-Salazar S\u00e1enz, Sabine. 2016.<\/p>\n\n\n\n<p>Confesionario quechua de 1585 &#8211; Descripci\u00f3n y\nan\u00e1lisis: Notas (Sept. 2016). <\/p>\n\n\n\n<p>Notas preparadas para la discusi\u00f3n del\nconfesionario quechua publicado por el Tercer Concilio de Lima en 1585<\/p>\n\n\n\n<p>en el Coloquio internacional: <\/p>\n\n\n\n<p><em>Estudio interdisciplinario comparativo de los\nconfesionarios ib\u00e9ricos y coloniales<br>\nde los siglos XV-XVIII. <\/em><\/p>\n\n\n\n<p>Universidad de Stirling, Escocia, Reino Unido,\n29-30 de septiembre de 2016.<\/p>\n\n\n\n<p>Documento: <a rel=\"noreferrer noopener\" href=\"https:\/\/dedenbachsalazar.de\/wp-content\/uploads\/sites\/2\/2018\/12\/Dedenbach-Doctrina-Christiana-1585-Mandamto-1-y-6-Descripcion-y-notas-de-analisis-Colloquio-Stirling-Sept-2016.pdf\" target=\"_blank\">Confesionario quechua de 1585 \u2013 Descripci\u00f3n y an\u00e1lisis: Notas (Sept. 2016)<\/a><\/p>\n","protected":false},"excerpt":{"rendered":"<p>Dedenbach-Salazar S\u00e1enz, Sabine. 2016. Confesionario quechua de 1585 &#8211; Descripci\u00f3n y an\u00e1lisis: Notas (Sept. 2016). Notas preparadas para la discusi\u00f3n del confesionario quechua publicado por el Tercer Concilio de Lima en 1585 en el Coloquio internacional: Estudio interdisciplinario comparativo de &hellip; <a href=\"https:\/\/dedenbachsalazar.de\/?page_id=1814\">Continue reading <span class=\"meta-nav\">&rarr;<\/span><\/a><\/p>\n","protected":false},"author":2,"featured_media":0,"parent":0,"menu_order":0,"comment_status":"closed","ping_status":"closed","template":"sidebar-page.php","meta":{"footnotes":""},"_links":{"self":[{"href":"https:\/\/dedenbachsalazar.de\/index.php?rest_route=\/wp\/v2\/pages\/1814"}],"collection":[{"href":"https:\/\/dedenbachsalazar.de\/index.php?rest_route=\/wp\/v2\/pages"}],"about":[{"href":"https:\/\/dedenbachsalazar.de\/index.php?rest_route=\/wp\/v2\/types\/page"}],"author":[{"embeddable":true,"href":"https:\/\/dedenbachsalazar.de\/index.php?rest_route=\/wp\/v2\/users\/2"}],"replies":[{"embeddable":true,"href":"https:\/\/dedenbachsalazar.de\/index.php?rest_route=%2Fwp%2Fv2%2Fcomments&post=1814"}],"version-history":[{"count":3,"href":"https:\/\/dedenbachsalazar.de\/index.php?rest_route=\/wp\/v2\/pages\/1814\/revisions"}],"predecessor-version":[{"id":2168,"href":"https:\/\/dedenbachsalazar.de\/index.php?rest_route=\/wp\/v2\/pages\/1814\/revisions\/2168"}],"wp:attachment":[{"href":"https:\/\/dedenbachsalazar.de\/index.php?rest_route=%2Fwp%2Fv2%2Fmedia&parent=1814"}],"curies":[{"name":"wp","href":"https:\/\/api.w.org\/{rel}","templated":true}]}}