{"id":1044,"date":"2013-02-04T13:53:08","date_gmt":"2013-02-04T13:53:08","guid":{"rendered":"https:\/\/dedenbachsalazar.de\/?page_id=1044"},"modified":"2013-02-04T13:53:08","modified_gmt":"2013-02-04T13:53:08","slug":"pacha-tierra-pacha-nusta-pacha-virgen-world-earth-world-inca-princess-world-virgin","status":"publish","type":"page","link":"https:\/\/dedenbachsalazar.de\/?page_id=1044","title":{"rendered":"Pacha Tierra, Pacha \u00d1usta, Pacha Virgen &#8211; World Earth, World Inca Princess, World Virgin"},"content":{"rendered":"<p><b><i>Pacha Tierra<\/i><\/b><b>, <i>Pacha \u00d1usta<\/i>, <i>Pacha Virgen<\/i> &#8211; World Earth, World Inca Princess, World Virgin: Pachamama as female Trinity in the Andes?<\/b><\/p>\n<p>Sabine Dedenbach-Salazar S\u00e1enz<\/p>\n<p>Important questions in my research on Andean religion are how to analyse and interpret cultural diversity and change, and to look into the processes which shape our understanding of these phenomena.<\/p>\n<p>In methodological terms this means that we need to analyse the sources critically, asking, for example, how and in which dialogic situation they originated; and we have to familiarise ourselves with different languages and worldviews (including the reflection upon our own), in their historical depth as well as in their contemporary multiplicity.<\/p>\n<p>When studying the cultural sphere traditionally labelled as &#8216;religion&#8217;, in theoretical terms we will be confronted with questions such as: what does &#8216;supernatural&#8217; and &#8216;deity&#8217; mean &#8211; are these useful concepts; what is &#8216;syncretism&#8217; or &#8216;hybridity&#8217;;\u00a0 how are language and culture, even language and thinking, related; what does the concept of colonialism imply; is &#8216;religion&#8217; a concept that can be studied separately at all; how does our own cultural and research tradition and focus influence our analysis as well as that of the authors we consult?<\/p>\n<p>It is not my aim to answer these questions, but rather in my contributions I will address them through brief &#8216;case-studies&#8217; which, as examples, I hope will add to current debates.<\/p>\n<p>&#8216;Kay pacha paqarinmantan kaya <strong>Pachamama<\/strong>qa niq kasqa: &#8220;\u00d1uqan kani <strong>Santa Tirra<\/strong>, Uywaq, \u00f1u\u00f1uq, \u00f1uqan kani. <strong>Pacha Tirra, Pacha \u00d1usta, Pacha Virgen<\/strong> \u00f1uqan kani&#8221;, \u00f1iq kasqa. &#8230;&#8217;<\/p>\n<p>&#8216;Since the birth of the world <strong>Pachamama [World Mother]<\/strong> has said: &#8220;I am the <strong>Holy Earth<\/strong>, the Nurturer, the Breastfeeder am I. I am <strong>World Earth<\/strong>, <strong>World Inca Princess<\/strong>, <strong>World Virgin<\/strong>.&#8221; Therefore she has had to be respected since the beginning of the world. &#8220;You will call me. You will blow towards me [with offerings]. On Annunciation Day you must not work me. This is my day. Only to me you bring offerings for the three persons together: World Earth, World Inca Princess, World Virgin. On that day I will begin to speak. You must by no means touch the Sacred Earth.&#8221; Thus used to speak Pachamama.&#8217;<\/p>\n<p>(From: Bernab\u00e9 Condori and Rosalind Gow: <em>Kay Pacha<\/em>, Cuzco 1976: 10-12,<br \/>\ntranslation from the Quechua: Sabine Dedenbach-Salazar.)<\/p>\n<p>This is how a Quechua farmer from highland Peru describes his understanding and relationship with Pachamama, traditionally translated and understood as &#8216;Earth Mother&#8217;.<\/p>\n<p>Still today Pachamama is very important in Andean highland culture, not only in the remote villages, but also in the cities, where certain days are celebrated and dedicated to her. The most important day is the 1st of August, when she has to rest and must not be worked on. Libations, incense and more complex offerings are made to her: from a simple <em>challa<\/em> (sprinkling the earth) before having a drink of alcohol to elaborate burnt offerings for the whole family&#8217;s wellbeing.<\/p>\n<p>Therefore, it seems to be more apt to see Pachamama as the &#8216;principle of life&#8217; because she is everywhere and thus, although she is gendered, she is universal. <em>Pacha<\/em> means more than &#8216;earth&#8217;: it refers to the &#8216;world&#8217;, integrating both meanings, &#8216;time&#8217; and &#8216;space&#8217;.<\/p>\n<p>On an analytical level this understanding incorporates words and concepts from different languages and cultural spheres, inter-connected to describe and understand one supernatural being.<\/p>\n<p>Words and concepts &#8211; When we look at the words and concepts used, we note that they come from different languages. <em>Pacha<\/em> is a Quechua word and, as already mentioned, means &#8216;world, space-time&#8217;, <em>mama<\/em> is Quechua as well and means &#8216;mother&#8217;. <em>Tierra<\/em> is Spanish and means &#8216;earth&#8217;; <em>virgen<\/em> is Spanish and refers to the Virgin Mary. <em>\u00d1usta<\/em> is ancient Quechua and means &#8216;Inca princess, a princess of the highest nobility in the pre-European Inca empire of the early 16th century&#8217;. The combination of these words shows that in naming the one being, different languages and cultural spheres are present.<\/p>\n<p>Different languages and cultural spheres &#8211; Quechua is the common native language of &#8211; even nowadays &#8211; almost 10 million people in the Andes; it was also spoken and spread by the Incas who ruled the Andes before the arrival of the Spanish. Therefore, by using <em>\u00f1usta<\/em>, the being thus named is associated with pre-European times and ancient wealth and splendour. Moreover, these Andean concepts are compounded with those represented by Spanish words (now the official language of the Andean nation states, brought by the European colonisers): <em>tierra<\/em>, &#8216;earth&#8217;, is the equivalent Europeans use to express <em>pacha<\/em>, but it does not, of course, cover the complex meaning of the Quechua word. Finally the fact that the Virgin Mary has become a component of Pachamama indicates a profound fusion of indigenous and introduced concepts of a mother deity. Thus Pachamama incorporates several cultural strands which together have moulded contemporary Andean culture.<\/p>\n<p>Supernatural beings &#8211; Of course, terms such as &#8216;supernatural being&#8217; or &#8216;deity&#8217; can have a multiplicity of meanings (depending on the researcher&#8217;s theoretical framework and cultural\u00a0tradition). Not unlike the concept of the God of the Old Testament, Andean deities are believed to be ambiguous in character: they care for our wellbeing, but they can also wreak havoc upon us when we do not treat them with the necessary respect. This shows an important underlying understanding of social relationships (among humans as well as between them and &#8216;deities&#8217;), which is reciprocity. Integrating these beings into the human interaction sphere does not mean that they are equal to us: they are definitely more powerful than human beings. However, it does show that they are part of nature as an all-comprising structure which cannot be separated into categories, such as &#8216;natural&#8217; as opposed to &#8216;supernatural&#8217;. In the Andes, these powerful forces are always present in people&#8217;s lives and are integrated into their daily routine.<\/p>\n<p>Inter-connectedness and multiplicity &#8211; The fact that the narrator presents Pachamama as one and yet as &#8216;three persons&#8217; is a clear connection to the Christian Trinity, which the 16th and 17th century colonial priests tried to explain to the indigenous people in the Quechua language by using the Spanish loanword &#8216;persona&#8217; to form <em>kimsa persona<\/em>, &#8216;three persons&#8217;. This poses the challenging question if, at least in this particular community, Pachamama is their complementary or even counter-concept to the Christian Trinity &#8211; challenging not only because of its Trinitarian character, but also because Pachamama is THE feminine principle <em>per se<\/em>. Some chronicle texts and a few myths, written down in the early colonial era, show that Andean peoples were familiar with multiple deities, several manifest in one. In this text, the verb forms used are sometimes singular and sometimes plural. In Quechua marking the singular and the plural is not as important as in other languages &#8211; thus it could just be a grammatical characteristic. But it is, of course, also possible that this usage shows the complexity of the concept as One and yet Several.<\/p>\n<p>How to explain these complex &#8216;fusions&#8217;? Of course, the colonial rule of the Spanish in the Andes was repressive. But the contemporary worldview of the Quechua people shows that the decision of the European rulers to use the native languages to teach the indigenous peoples the new faith influenced how those managed old and new concepts. It also shows that, rather than passive &#8216;victims&#8217;, the Quechua people were creative innovators who integrated different approaches to deal with the (super-)natural into a system that would continue to be meaningful to them.<\/p>\n<p align=\"right\">March 2011<\/p>\n","protected":false},"excerpt":{"rendered":"<p>Pacha Tierra, Pacha \u00d1usta, Pacha Virgen &#8211; World Earth, World Inca Princess, World Virgin: Pachamama as female Trinity in the Andes? Sabine Dedenbach-Salazar S\u00e1enz Important questions in my research on Andean religion are how to analyse and interpret cultural diversity &hellip; <a href=\"https:\/\/dedenbachsalazar.de\/?page_id=1044\">Continue reading <span class=\"meta-nav\">&rarr;<\/span><\/a><\/p>\n","protected":false},"author":2,"featured_media":0,"parent":0,"menu_order":0,"comment_status":"closed","ping_status":"closed","template":"sidebar-page.php","meta":{"footnotes":""},"_links":{"self":[{"href":"https:\/\/dedenbachsalazar.de\/index.php?rest_route=\/wp\/v2\/pages\/1044"}],"collection":[{"href":"https:\/\/dedenbachsalazar.de\/index.php?rest_route=\/wp\/v2\/pages"}],"about":[{"href":"https:\/\/dedenbachsalazar.de\/index.php?rest_route=\/wp\/v2\/types\/page"}],"author":[{"embeddable":true,"href":"https:\/\/dedenbachsalazar.de\/index.php?rest_route=\/wp\/v2\/users\/2"}],"replies":[{"embeddable":true,"href":"https:\/\/dedenbachsalazar.de\/index.php?rest_route=%2Fwp%2Fv2%2Fcomments&post=1044"}],"version-history":[{"count":0,"href":"https:\/\/dedenbachsalazar.de\/index.php?rest_route=\/wp\/v2\/pages\/1044\/revisions"}],"wp:attachment":[{"href":"https:\/\/dedenbachsalazar.de\/index.php?rest_route=%2Fwp%2Fv2%2Fmedia&parent=1044"}],"curies":[{"name":"wp","href":"https:\/\/api.w.org\/{rel}","templated":true}]}}